{"id":32,"date":"2025-10-13T16:22:27","date_gmt":"2025-10-13T16:22:27","guid":{"rendered":"https:\/\/www.aarreranta.fi\/?page_id=32"},"modified":"2026-04-08T12:39:02","modified_gmt":"2026-04-08T12:39:02","slug":"tiimi","status":"publish","type":"page","link":"https:\/\/www.erityishetki.fi\/index.php\/tiimi\/","title":{"rendered":"Tiimi ja yhteystiedot"},"content":{"rendered":"\n<div class=\"wp-block-group alignfull has-global-padding is-layout-constrained wp-container-core-group-is-layout-669513ed wp-block-group-is-layout-constrained\" style=\"margin-top:0;margin-bottom:0;padding-top:var(--wp--preset--spacing--50);padding-right:var(--wp--preset--spacing--50);padding-bottom:var(--wp--preset--spacing--50);padding-left:var(--wp--preset--spacing--50)\">\n<div class=\"wp-block-columns alignwide is-layout-flex wp-container-core-columns-is-layout-4935966c wp-block-columns-is-layout-flex\" style=\"padding-right:0;padding-left:0\">\n<div class=\"wp-block-column is-layout-flow wp-block-column-is-layout-flow\">\n<figure class=\"wp-block-image size-full is-style-rounded is-style-rounded--1\"><img loading=\"lazy\" decoding=\"async\" width=\"2560\" height=\"1920\" src=\"https:\/\/www.erityishetki.fi\/wp-content\/uploads\/2026\/01\/JL_20260108_Elina-Kontu_hires-scaled.jpg\" alt=\"\" class=\"wp-image-171\" style=\"aspect-ratio:1;object-fit:cover\" srcset=\"https:\/\/www.erityishetki.fi\/wp-content\/uploads\/2026\/01\/JL_20260108_Elina-Kontu_hires-scaled.jpg 2560w, https:\/\/www.erityishetki.fi\/wp-content\/uploads\/2026\/01\/JL_20260108_Elina-Kontu_hires-300x225.jpg 300w, https:\/\/www.erityishetki.fi\/wp-content\/uploads\/2026\/01\/JL_20260108_Elina-Kontu_hires-1024x768.jpg 1024w, https:\/\/www.erityishetki.fi\/wp-content\/uploads\/2026\/01\/JL_20260108_Elina-Kontu_hires-768x576.jpg 768w, https:\/\/www.erityishetki.fi\/wp-content\/uploads\/2026\/01\/JL_20260108_Elina-Kontu_hires-1536x1152.jpg 1536w, https:\/\/www.erityishetki.fi\/wp-content\/uploads\/2026\/01\/JL_20260108_Elina-Kontu_hires-2048x1536.jpg 2048w\" sizes=\"auto, (max-width: 2560px) 100vw, 2560px\" \/><\/figure>\n\n\n\n<div class=\"wp-block-group is-vertical is-content-justification-center is-nowrap is-layout-flex wp-container-core-group-is-layout-21d4e958 wp-block-group-is-layout-flex\">\n<p class=\"has-text-align-center has-small-font-size\"><strong>Elina Kontu<\/strong><\/p>\n\n\n\n<p class=\"has-text-align-center has-small-font-size\">elina@erityishetki.fi<br><strong>psykologian professori (emer.), Tampereen yliopisto; varhaiserityiskasvatuksen dosentti, Turun yliopisto; musiikki- ja psykoterapeutti, erityisopettaja<\/strong> <br>Elina on toiminut Helsingin yliopistossa erityispedagogiikan yliopistonlehtorina ja tutkimusjohtajana. H\u00e4n on tehnyt t\u00f6it\u00e4 lasten ja nuorten kanssa varhaiskasvatuksessa, perusopetuksessa sek\u00e4 opettajana ett\u00e4 terapeuttina, h\u00e4n on toiminut ty\u00f6nohjaajana ja opettajankouluttajana. H\u00e4nen v\u00e4it\u00f6skirjansa aiheena oli autismikirjon henkil\u00f6iden mentalisaatiotaidot. Tutkijanurallaan Elina on keskittynyt vaativaa tukea tarvitsevien lasten ja nuorten vuorovaikutukseen ja oppimiseen. H\u00e4nell\u00e4 on n. 200 tieteellist\u00e4 tutkimusjulkaisua, h\u00e4n on kirjoittanut ja toimittanut useita kasvatusalan kirjoja ja ohjannut lukuisia v\u00e4it\u00f6skirjoja sek\u00e4 ollut mukana kehitt\u00e4m\u00e4ss\u00e4 ja konsultoimassa uudenlaisia k\u00e4yt\u00e4nt\u00f6j\u00e4 tuen tarpeisiin niin kunnissa kuin valtakunnan tasollakin. &#8221;Koko ammattilaisen osaaminen tiivistyy yksinkertaisuudessaan toisen ihmisen herkk\u00e4\u00e4n ja yst\u00e4v\u00e4lliseen kohtaamiseen.\u00a0Haluan painottaa kohtaamisen taitoa ja merkityst\u00e4 45 vuoden ty\u00f6kokemuksella.&#8221;<\/p>\n<\/div>\n<\/div>\n\n\n\n<div class=\"wp-block-column is-layout-flow wp-block-column-is-layout-flow\">\n<figure class=\"wp-block-image size-full is-style-rounded is-style-rounded--2\"><img loading=\"lazy\" decoding=\"async\" width=\"2560\" height=\"1920\" src=\"https:\/\/www.erityishetki.fi\/wp-content\/uploads\/2026\/01\/JL_20260108_Jael-Virtanen_hires-1-1-scaled.jpg\" alt=\"\" class=\"wp-image-167\" style=\"aspect-ratio:1;object-fit:cover\" srcset=\"https:\/\/www.erityishetki.fi\/wp-content\/uploads\/2026\/01\/JL_20260108_Jael-Virtanen_hires-1-1-scaled.jpg 2560w, https:\/\/www.erityishetki.fi\/wp-content\/uploads\/2026\/01\/JL_20260108_Jael-Virtanen_hires-1-1-300x225.jpg 300w, https:\/\/www.erityishetki.fi\/wp-content\/uploads\/2026\/01\/JL_20260108_Jael-Virtanen_hires-1-1-1024x768.jpg 1024w, https:\/\/www.erityishetki.fi\/wp-content\/uploads\/2026\/01\/JL_20260108_Jael-Virtanen_hires-1-1-768x576.jpg 768w, https:\/\/www.erityishetki.fi\/wp-content\/uploads\/2026\/01\/JL_20260108_Jael-Virtanen_hires-1-1-1536x1152.jpg 1536w, https:\/\/www.erityishetki.fi\/wp-content\/uploads\/2026\/01\/JL_20260108_Jael-Virtanen_hires-1-1-2048x1536.jpg 2048w\" sizes=\"auto, (max-width: 2560px) 100vw, 2560px\" \/><\/figure>\n\n\n\n<div class=\"wp-block-group is-vertical is-content-justification-center is-nowrap is-layout-flex wp-container-core-group-is-layout-63bfd6c1 wp-block-group-is-layout-flex\">\n<p class=\"has-text-align-center has-small-font-size\"><strong>Jael Virtanen<\/strong><br>jael@erityishetki.fi<br><strong>asiantuntija<\/strong><\/p>\n\n\n\n<p class=\"has-text-align-center has-small-font-size\"><strong>KM, erityispedagogiikan v\u00e4it\u00f6skirjatutkija<\/strong>, <strong>Helsingin yliopisto<\/strong><br>Jaelin erityisosaaminen liittyy vaativaa erityist\u00e4 tukea tarvitsevien lasten sosio-emotionaalisen hyvinvoinnin tukemiseen ja aikuisen mentalisaatiokyvyn vahvistamiseen haastavissa kasvatustilanteissa. Jael on ollut kehitt\u00e4m\u00e4ss\u00e4 n\u00e4ytt\u00f6\u00f6n perustuvaa mentalisaatiovaikutteista Hetki-ohjelmaa, jolla tutkitusti voidaan v\u00e4hent\u00e4\u00e4 lasten k\u00e4ytt\u00e4ytymispulmia ja lis\u00e4t\u00e4 vanhempien mentalisaatiokyky\u00e4. Monipuolisten tutkijan teht\u00e4vien lis\u00e4ksi Jael on ty\u00f6skennellyt kasvatus- ja sosiaalialan j\u00e4rjest\u00f6iss\u00e4 suunnittelijana ja kouluttajana, lastensuojelun perhety\u00f6ntekij\u00e4n\u00e4 sek\u00e4 varhaiskasvatuksen erityisopettajana.&nbsp;\u201dItse\u00e4ni on aina kiehtonut, miten merkitt\u00e4v\u00e4 rooli ymp\u00e4rist\u00f6n vuorovaikutuksen laadulla on lasten hyvinvointiin ja k\u00e4ytt\u00e4ytymiseen. Jotta voisimme ymm\u00e4rt\u00e4\u00e4 ja kunnioittaa toisiamme erilaisuudesta huolimatta, tarvitsemme tiedon lis\u00e4ksi toimivaa yhteytt\u00e4 my\u00f6s itseemme. T\u00e4m\u00e4n ajatuksen pohjalta on syntynyt Erityishetki ry.\u201d<\/p>\n<\/div>\n<\/div>\n\n\n\n<div class=\"wp-block-column is-layout-flow wp-block-column-is-layout-flow\">\n<figure class=\"wp-block-image size-full is-style-rounded is-style-rounded--3\"><img loading=\"lazy\" decoding=\"async\" width=\"2560\" height=\"1920\" src=\"https:\/\/www.erityishetki.fi\/wp-content\/uploads\/2026\/02\/JL_20260108_Kati-Ranta_hires-1-scaled.jpg\" alt=\"\" class=\"wp-image-216\" style=\"aspect-ratio:1;object-fit:cover\" srcset=\"https:\/\/www.erityishetki.fi\/wp-content\/uploads\/2026\/02\/JL_20260108_Kati-Ranta_hires-1-scaled.jpg 2560w, https:\/\/www.erityishetki.fi\/wp-content\/uploads\/2026\/02\/JL_20260108_Kati-Ranta_hires-1-300x225.jpg 300w, https:\/\/www.erityishetki.fi\/wp-content\/uploads\/2026\/02\/JL_20260108_Kati-Ranta_hires-1-1024x768.jpg 1024w, https:\/\/www.erityishetki.fi\/wp-content\/uploads\/2026\/02\/JL_20260108_Kati-Ranta_hires-1-768x576.jpg 768w, https:\/\/www.erityishetki.fi\/wp-content\/uploads\/2026\/02\/JL_20260108_Kati-Ranta_hires-1-1536x1152.jpg 1536w, https:\/\/www.erityishetki.fi\/wp-content\/uploads\/2026\/02\/JL_20260108_Kati-Ranta_hires-1-2048x1536.jpg 2048w\" sizes=\"auto, (max-width: 2560px) 100vw, 2560px\" \/><\/figure>\n\n\n\n<div class=\"wp-block-group is-vertical is-content-justification-center is-nowrap is-layout-flex wp-container-core-group-is-layout-63bfd6c1 wp-block-group-is-layout-flex\">\n<p class=\"has-text-align-center has-small-font-size\"><strong>Kati Ranta<\/strong><br>kati@erityishetki.fi<br><strong>asiantuntija<\/strong><\/p>\n\n\n\n<p class=\"has-text-align-center has-small-font-size\"><strong>KTM, psykologian v\u00e4it\u00f6skirjatutkija, Tampereen yliopisto<\/strong> <\/p>\n\n\n\n<p class=\"has-text-align-center has-small-font-size\">Kati on tutkinut kansainv\u00e4lisi\u00e4 ohjelmia kehitysvammaisten ja autismikirjon lasten haastavan k\u00e4ytt\u00e4ytymisen v\u00e4hent\u00e4miseksi sek\u00e4 lasten ja kasvattajien hyvinvoinnin lis\u00e4\u00e4miseksi. H\u00e4n on osallistunut mentalisaatiovaikutteisten Hetki- ja Erityishetki-ohjelmien kehitt\u00e4miseen ja toiminut perheille suunnattujen Hetki-ryhmien ohjaajana. H\u00e4nen tavoitteenaan on lis\u00e4t\u00e4 kehitysvammaisten ja autismikirjon henkil\u00f6iden sek\u00e4 heid\u00e4n l\u00e4heistens\u00e4 ja heid\u00e4n kanssaan ty\u00f6skentelevien ammattilaisten hyvinvointia. Kati on ty\u00f6skennellyt aiemmin vammaisj\u00e4rjest\u00f6iss\u00e4 sek\u00e4 opetus- ja viestinn\u00e4n teht\u00e4viss\u00e4. \u201dKaikki ihmiset tarvitsevat yhdenvertaisesti n\u00e4hdyksi, kuulluksi ja ymm\u00e4rretyksi tulemista sek\u00e4 osallisuutta ja arvostavaa vuorovaikutusta.\u201d<\/p>\n<\/div>\n<\/div>\n<\/div>\n<\/div>\n\n\n\n<div class=\"wp-block-group alignfull has-global-padding is-layout-constrained wp-container-core-group-is-layout-669513ed wp-block-group-is-layout-constrained\" style=\"margin-top:0;margin-bottom:0;padding-top:var(--wp--preset--spacing--50);padding-right:var(--wp--preset--spacing--50);padding-bottom:var(--wp--preset--spacing--50);padding-left:var(--wp--preset--spacing--50)\">\n<div style=\"height:var(--wp--preset--spacing--30)\" aria-hidden=\"true\" class=\"wp-block-spacer\"><\/div>\n\n\n\n<div class=\"wp-block-columns alignwide is-layout-flex wp-container-core-columns-is-layout-4935966c wp-block-columns-is-layout-flex\" style=\"padding-right:0;padding-left:0\">\n<div class=\"wp-block-column is-layout-flow wp-block-column-is-layout-flow\">\n<figure class=\"wp-block-image size-full is-style-rounded is-style-rounded--4\"><img loading=\"lazy\" decoding=\"async\" width=\"2560\" height=\"1920\" src=\"https:\/\/www.erityishetki.fi\/wp-content\/uploads\/2026\/01\/JL_20260108_Varpu-Tyyska-Korhonen_hires-scaled.jpg\" alt=\"\" class=\"wp-image-174\" style=\"aspect-ratio:1;object-fit:cover\" srcset=\"https:\/\/www.erityishetki.fi\/wp-content\/uploads\/2026\/01\/JL_20260108_Varpu-Tyyska-Korhonen_hires-scaled.jpg 2560w, https:\/\/www.erityishetki.fi\/wp-content\/uploads\/2026\/01\/JL_20260108_Varpu-Tyyska-Korhonen_hires-300x225.jpg 300w, https:\/\/www.erityishetki.fi\/wp-content\/uploads\/2026\/01\/JL_20260108_Varpu-Tyyska-Korhonen_hires-1024x768.jpg 1024w, https:\/\/www.erityishetki.fi\/wp-content\/uploads\/2026\/01\/JL_20260108_Varpu-Tyyska-Korhonen_hires-768x576.jpg 768w, https:\/\/www.erityishetki.fi\/wp-content\/uploads\/2026\/01\/JL_20260108_Varpu-Tyyska-Korhonen_hires-1536x1152.jpg 1536w, https:\/\/www.erityishetki.fi\/wp-content\/uploads\/2026\/01\/JL_20260108_Varpu-Tyyska-Korhonen_hires-2048x1536.jpg 2048w\" sizes=\"auto, (max-width: 2560px) 100vw, 2560px\" \/><\/figure>\n\n\n\n<div class=\"wp-block-group is-vertical is-content-justification-center is-nowrap is-layout-flex wp-container-core-group-is-layout-21d4e958 wp-block-group-is-layout-flex\">\n<p class=\"has-text-align-center has-small-font-size\"><strong>Varpu Tyysk\u00e4-Korhonen<\/strong><br><strong>asiantuntija<\/strong><\/p>\n\n\n\n<p class=\"has-text-align-center has-small-font-size\"><strong>sosionomi (YAMK), ammatillisten aineiden opettaja<\/strong> <br>Varpu on kokenut sosiaalialan esihenkil\u00f6 ja kehitt\u00e4j\u00e4. H\u00e4n on toiminut palvelup\u00e4\u00e4llikk\u00f6n\u00e4 erityispalveluissa vastaten niin asumispalveluiden kuin ty\u00f6- ja p\u00e4iv\u00e4aikaisen toiminnan esihenkil\u00f6ty\u00f6st\u00e4. Varpu on ollut kehitt\u00e4m\u00e4ss\u00e4 mentalisaatioon perustuvaa Hetki-ohjelmaa erityislasten ja -nuorten vanhempien tueksi. Samoin h\u00e4n on ollut kehitt\u00e4m\u00e4ss\u00e4 perhepalvelukeskusta. Varpu on toiminut my\u00f6s kouluttajana. H\u00e4nelle t\u00e4rke\u00e4\u00e4 on syd\u00e4men sivistys, sensitiivisyys sek\u00e4 tutkiva ajattelu, jotka luovat vankan pohjan arvostavalle kohtaamiselle.<\/p>\n<\/div>\n<\/div>\n\n\n\n<div class=\"wp-block-column is-layout-flow wp-block-column-is-layout-flow\">\n<figure class=\"wp-block-image size-full is-style-rounded is-style-rounded--5\"><img loading=\"lazy\" decoding=\"async\" width=\"2560\" height=\"1920\" src=\"https:\/\/www.erityishetki.fi\/wp-content\/uploads\/2026\/02\/JL_20260108_Johanna-Gummerus_hires-scaled.jpg\" alt=\"\" class=\"wp-image-218\" style=\"aspect-ratio:1;object-fit:cover\" srcset=\"https:\/\/www.erityishetki.fi\/wp-content\/uploads\/2026\/02\/JL_20260108_Johanna-Gummerus_hires-scaled.jpg 2560w, https:\/\/www.erityishetki.fi\/wp-content\/uploads\/2026\/02\/JL_20260108_Johanna-Gummerus_hires-300x225.jpg 300w, https:\/\/www.erityishetki.fi\/wp-content\/uploads\/2026\/02\/JL_20260108_Johanna-Gummerus_hires-1024x768.jpg 1024w, https:\/\/www.erityishetki.fi\/wp-content\/uploads\/2026\/02\/JL_20260108_Johanna-Gummerus_hires-768x576.jpg 768w, https:\/\/www.erityishetki.fi\/wp-content\/uploads\/2026\/02\/JL_20260108_Johanna-Gummerus_hires-1536x1152.jpg 1536w, https:\/\/www.erityishetki.fi\/wp-content\/uploads\/2026\/02\/JL_20260108_Johanna-Gummerus_hires-2048x1536.jpg 2048w\" sizes=\"auto, (max-width: 2560px) 100vw, 2560px\" \/><\/figure>\n\n\n\n<div class=\"wp-block-group is-vertical is-content-justification-center is-nowrap is-layout-flex wp-container-core-group-is-layout-63bfd6c1 wp-block-group-is-layout-flex\">\n<p class=\"has-text-align-center has-small-font-size\"><strong>Johanna Gummerus<\/strong><\/p>\n\n\n\n<p class=\"has-text-align-center has-small-font-size\"><strong>KTT, professori<\/strong>, <strong>Hanken<\/strong><br>Johanna on Hankenin markkinoinnin professori ja CERSin (Centre for Relationship Marketing and Service Management) johtaja. H\u00e4n on kiinnostunut haavoittuvista ryhmist\u00e4, kuluttajien hyvinvoinnista sek\u00e4 yritysten yhteiskuntavastuusta. Johanna haluaa edist\u00e4\u00e4 tietoa, joka parantaa ihmisten hyvinvointia ja auttaa organisaatioita suunnittelemaan oikeudenmukaisempia ja merkityksellisempi\u00e4 kokemuksia.<\/p>\n<\/div>\n<\/div>\n\n\n\n<div class=\"wp-block-column is-layout-flow wp-block-column-is-layout-flow\">\n<figure class=\"wp-block-image size-full is-style-rounded is-style-rounded--6\"><img loading=\"lazy\" decoding=\"async\" width=\"2560\" height=\"1920\" src=\"https:\/\/www.erityishetki.fi\/wp-content\/uploads\/2026\/02\/JL_20260108_Satu-Peltomaki_hires-scaled.jpg\" alt=\"\" class=\"wp-image-214\" style=\"aspect-ratio:1;object-fit:cover\" srcset=\"https:\/\/www.erityishetki.fi\/wp-content\/uploads\/2026\/02\/JL_20260108_Satu-Peltomaki_hires-scaled.jpg 2560w, https:\/\/www.erityishetki.fi\/wp-content\/uploads\/2026\/02\/JL_20260108_Satu-Peltomaki_hires-300x225.jpg 300w, https:\/\/www.erityishetki.fi\/wp-content\/uploads\/2026\/02\/JL_20260108_Satu-Peltomaki_hires-1024x768.jpg 1024w, https:\/\/www.erityishetki.fi\/wp-content\/uploads\/2026\/02\/JL_20260108_Satu-Peltomaki_hires-768x576.jpg 768w, https:\/\/www.erityishetki.fi\/wp-content\/uploads\/2026\/02\/JL_20260108_Satu-Peltomaki_hires-1536x1152.jpg 1536w, https:\/\/www.erityishetki.fi\/wp-content\/uploads\/2026\/02\/JL_20260108_Satu-Peltomaki_hires-2048x1536.jpg 2048w\" sizes=\"auto, (max-width: 2560px) 100vw, 2560px\" \/><\/figure>\n\n\n\n<div class=\"wp-block-group is-vertical is-content-justification-center is-nowrap is-layout-flex wp-container-core-group-is-layout-63bfd6c1 wp-block-group-is-layout-flex\">\n<p class=\"has-text-align-center has-small-font-size\"><strong>Satu Peltom\u00e4ki<\/strong><\/p>\n\n\n\n<p class=\"has-text-align-center has-small-font-size\"><strong>KT, erityisluokanopettaja, Espoon kaupunki, affilioituva tutkija, Helsingin yliopisto<\/strong><\/p>\n\n\n\n<p class=\"has-text-align-center has-small-font-size\">Satun erityisosaaminen kohdistuu kehitysvammaisten lasten osallistumiseen ja toiminta-alueittain j\u00e4rjestett\u00e4v\u00e4\u00e4n opetukseen. Satun v\u00e4it\u00f6stutkimuksen tavoitteena oli kehitysvammaisten oppilaiden osallistumista mahdollistavien menetelmien kuvaaminen ja heid\u00e4n tavoitteitaan koskevaan p\u00e4\u00e4t\u00f6ksentekoon osallistumisen tunnistaminen. Lis\u00e4ksi Satu on tutkinut eriytt\u00e4misen, yhteenkuuluvuuden tunteen, tavoitteiden asettamisen ja kehitysvammaisten aikuisten osallisuuden teemoja. Satu on ty\u00f6skennellyt tutkimus- ja kehitt\u00e4mishankkeissa, jotka ovat liittyneet vaativan erityisen tuen ja moniammatillisen yhteisty\u00f6n kehitt\u00e4miseen (<a href=\"https:\/\/eur04.safelinks.protection.outlook.com\/?url=https%3A%2F%2Fwww.tuvet.fi%2F&amp;data=05%7C02%7Ckati.ranta%40tuni.fi%7C401de79b9b7d4d7079bc08de662a5fdd%7Cfa6944afcc7c4cd89154c01132798910%7C0%7C0%7C639060529353240478%7CUnknown%7CTWFpbGZsb3d8eyJFbXB0eU1hcGkiOnRydWUsIlYiOiIwLjAuMDAwMCIsIlAiOiJXaW4zMiIsIkFOIjoiTWFpbCIsIldUIjoyfQ%3D%3D%7C0%7C%7C%7C&amp;sdata=jO9J%2FI1fc%2B77hewKZrdupEKOd9aW8gQtchlijwVfP0E%3D&amp;reserved=0\" target=\"_blank\" rel=\"noreferrer noopener\">TUVET-hanke<\/a>) sek\u00e4 virtuaaliteknologian uusimpien sovellusten hy\u00f6dynt\u00e4miseen sosiaali- ja terveydenhuollossa (<a href=\"https:\/\/eur04.safelinks.protection.outlook.com\/?url=https%3A%2F%2Fwww.interregaurora.eu%2Fapproved-projects%2Fnatureach-nature-reachable-for-all%2F&amp;data=05%7C02%7Ckati.ranta%40tuni.fi%7C401de79b9b7d4d7079bc08de662a5fdd%7Cfa6944afcc7c4cd89154c01132798910%7C0%7C0%7C639060529353272955%7CUnknown%7CTWFpbGZsb3d8eyJFbXB0eU1hcGkiOnRydWUsIlYiOiIwLjAuMDAwMCIsIlAiOiJXaW4zMiIsIkFOIjoiTWFpbCIsIldUIjoyfQ%3D%3D%7C0%7C%7C%7C&amp;sdata=iEap0q6ete7mZtowjYBSH5qG4UpprOBV2Ltj1rLffpI%3D&amp;reserved=0\" target=\"_blank\" rel=\"noreferrer noopener\">NATUREACH-hanke<\/a>). <\/p>\n<\/div>\n<\/div>\n<\/div>\n<\/div>\n\n\n\n<div class=\"wp-block-group alignwide has-global-padding is-layout-constrained wp-block-group-is-layout-constrained\">\n<div class=\"wp-block-group alignwide is-layout-flow wp-block-group-is-layout-flow\" style=\"padding-top:var(--wp--preset--spacing--50);padding-bottom:var(--wp--preset--spacing--50)\">\n<figure class=\"wp-block-image size-full is-resized\"><img decoding=\"async\" src=\"https:\/\/www.erityishetki.fi\/wp-content\/themes\/twentytwentyfour\/assets\/images\/icon-message.webp\" alt=\"\" style=\"width:40px;height:auto\"\/><\/figure>\n\n\n\n<hr class=\"wp-block-separator has-alpha-channel-opacity is-style-wide\"\/>\n\n\n\n<div class=\"wp-block-columns is-layout-flex wp-container-core-columns-is-layout-633352e7 wp-block-columns-is-layout-flex\" style=\"padding-top:var(--wp--preset--spacing--10)\">\n<div class=\"wp-block-column is-layout-flow wp-block-column-is-layout-flow\" style=\"flex-basis:57%\">\n<h2 class=\"wp-block-heading has-x-large-font-size\">Ollaan vuorovaikutuksessa!<\/h2>\n<\/div>\n\n\n\n<div class=\"wp-block-column is-layout-flow wp-block-column-is-layout-flow\" style=\"flex-basis:30%\">\n<div class=\"wp-block-group is-vertical is-layout-flex wp-container-core-group-is-layout-ea0cb840 wp-block-group-is-layout-flex\">\n<h3 class=\"wp-block-heading has-body-font-family has-medium-font-size\">Ota yhteytt\u00e4<\/h3>\n\n\n\n<p><a href=\"\/\">info@erityishetki.fi<\/a><\/p>\n<\/div>\n<\/div>\n\n\n\n<div class=\"wp-block-column is-layout-flow wp-block-column-is-layout-flow\" style=\"flex-basis:30%\">\n<div class=\"wp-block-columns is-not-stacked-on-mobile is-layout-flex wp-container-core-columns-is-layout-28f84493 wp-block-columns-is-layout-flex\">\n<div class=\"wp-block-column is-layout-flow wp-block-column-is-layout-flow\">\n<div class=\"wp-block-group is-vertical is-layout-flex wp-container-core-group-is-layout-ea0cb840 wp-block-group-is-layout-flex\">\n<h3 class=\"wp-block-heading has-body-font-family has-medium-font-size\"><\/h3>\n\n\n\n<p><\/p>\n<\/div>\n<\/div>\n<\/div>\n<\/div>\n<\/div>\n\n\n\n<div style=\"height:var(--wp--preset--spacing--50)\" aria-hidden=\"true\" class=\"wp-block-spacer\"><\/div>\n\n\n\n<div class=\"wp-block-group is-content-justification-space-between is-layout-flex wp-container-core-group-is-layout-e5edad21 wp-block-group-is-layout-flex\">\n<div class=\"wp-block-group is-layout-flex wp-container-core-group-is-layout-fe1ad1e6 wp-block-group-is-layout-flex\">\n<p class=\"has-small-font-size\">\u00a9<\/p>\n\n\n<p style=\"font-style:normal;font-weight:400;\" class=\"wp-block-site-title has-small-font-size\"><a href=\"https:\/\/www.erityishetki.fi\" target=\"_self\" rel=\"home\">erityishetki<\/a><\/p><\/div>\n\n\n\n<p class=\"has-small-font-size\">\n\t\t\t\tDesigned with <a href=\"https:\/\/fi.wordpress.org\" rel=\"nofollow\">WordPress<\/a>\t\t\t<\/p>\n<\/div>\n<\/div>\n<\/div>\n","protected":false},"excerpt":{"rendered":"<p>Elina Kontu elina@erityishetki.fipsykologian professori (emer.), Tampereen yliopisto; varhaiserityiskasvatuksen dosentti, Turun yliopisto; musiikki- ja psykoterapeutti, erityisopettaja Elina on toiminut Helsingin yliopistossa erityispedagogiikan yliopistonlehtorina ja tutkimusjohtajana. H\u00e4n on tehnyt t\u00f6it\u00e4 lasten ja nuorten kanssa varhaiskasvatuksessa, perusopetuksessa sek\u00e4 opettajana ett\u00e4 terapeuttina, h\u00e4n on toiminut ty\u00f6nohjaajana ja opettajankouluttajana. H\u00e4nen v\u00e4it\u00f6skirjansa aiheena oli autismikirjon henkil\u00f6iden mentalisaatiotaidot. Tutkijanurallaan Elina on keskittynyt [&hellip;]<\/p>\n","protected":false},"author":1,"featured_media":0,"parent":0,"menu_order":0,"comment_status":"closed","ping_status":"closed","template":"","meta":{"footnotes":""},"class_list":["post-32","page","type-page","status-publish","hentry"],"_links":{"self":[{"href":"https:\/\/www.erityishetki.fi\/index.php\/wp-json\/wp\/v2\/pages\/32","targetHints":{"allow":["GET"]}}],"collection":[{"href":"https:\/\/www.erityishetki.fi\/index.php\/wp-json\/wp\/v2\/pages"}],"about":[{"href":"https:\/\/www.erityishetki.fi\/index.php\/wp-json\/wp\/v2\/types\/page"}],"author":[{"embeddable":true,"href":"https:\/\/www.erityishetki.fi\/index.php\/wp-json\/wp\/v2\/users\/1"}],"replies":[{"embeddable":true,"href":"https:\/\/www.erityishetki.fi\/index.php\/wp-json\/wp\/v2\/comments?post=32"}],"version-history":[{"count":16,"href":"https:\/\/www.erityishetki.fi\/index.php\/wp-json\/wp\/v2\/pages\/32\/revisions"}],"predecessor-version":[{"id":233,"href":"https:\/\/www.erityishetki.fi\/index.php\/wp-json\/wp\/v2\/pages\/32\/revisions\/233"}],"wp:attachment":[{"href":"https:\/\/www.erityishetki.fi\/index.php\/wp-json\/wp\/v2\/media?parent=32"}],"curies":[{"name":"wp","href":"https:\/\/api.w.org\/{rel}","templated":true}]}}