{"id":28,"date":"2025-10-13T16:19:20","date_gmt":"2025-10-13T16:19:20","guid":{"rendered":"https:\/\/www.aarreranta.fi\/?page_id=28"},"modified":"2026-04-08T12:50:57","modified_gmt":"2026-04-08T12:50:57","slug":"tutkimus","status":"publish","type":"page","link":"https:\/\/www.erityishetki.fi\/index.php\/tutkimus\/","title":{"rendered":"Tutkimus"},"content":{"rendered":"\n<div class=\"wp-block-group alignfull has-base-background-color has-background has-global-padding is-layout-constrained wp-container-core-group-is-layout-d89aad35 wp-block-group-is-layout-constrained\" style=\"margin-top:0;margin-bottom:0;padding-top:var(--wp--preset--spacing--50);padding-right:var(--wp--preset--spacing--50);padding-bottom:var(--wp--preset--spacing--50);padding-left:var(--wp--preset--spacing--50)\">\n<div class=\"wp-block-columns alignwide is-layout-flex wp-container-core-columns-is-layout-549b0c86 wp-block-columns-is-layout-flex\">\n<div class=\"wp-block-column has-global-padding is-content-justification-left is-layout-constrained wp-container-core-column-is-layout-4f15e8fe wp-block-column-is-layout-constrained\" style=\"flex-basis:40%\">\n<p>Ohjelman avulla voidaan v\u00e4hent\u00e4\u00e4 haastavaa k\u00e4ytt\u00e4ytymist\u00e4.<\/p>\n<\/div>\n\n\n\n<div class=\"wp-block-column is-layout-flow wp-container-core-column-is-layout-119bc444 wp-block-column-is-layout-flow\" style=\"flex-basis:60%\">\n<p class=\"has-heading-font-family has-x-large-font-size\" style=\"line-height:1.2\">Erityishetki perustuu tutkittuun tietoon ja k\u00e4yt\u00e4nn\u00f6n kokemukseen.<\/p>\n\n\n\n<div class=\"wp-block-columns is-layout-flex wp-container-core-columns-is-layout-87beb0d0 wp-block-columns-is-layout-flex\">\n<div class=\"wp-block-column is-layout-flow wp-block-column-is-layout-flow\">\n<p class=\"wp-container-content-9cfa9a5a\">Erityishetki-ohjelma perustuu kansainv\u00e4liseen tutkimustietoon. Ohjelman teoriataustana ovat  vuorovaikutuksen yhteiss\u00e4\u00e4telyn periaate ja mentalisaatioteoria.<\/p>\n<\/div>\n\n\n\n<div class=\"wp-block-column is-layout-flow wp-block-column-is-layout-flow\">\n<p>Vanhemmille suunnattu ohjelma v\u00e4hensi merkitsev\u00e4sti kehitysvammaisten ja neurokirjon lasten ja nuorten haastavaa k\u00e4ytt\u00e4ytymist\u00e4 ja lasten sosiaalista ongelmia. Koulutus lis\u00e4si vanhempien mentalisaatiokyky\u00e4 ja hyvinvointia.<\/p>\n<\/div>\n<\/div>\n<\/div>\n<\/div>\n<\/div>\n\n\n\n<div class=\"wp-block-group alignfull has-global-padding is-layout-constrained wp-container-core-group-is-layout-d89aad35 wp-block-group-is-layout-constrained\" style=\"margin-top:0;margin-bottom:0;padding-top:var(--wp--preset--spacing--50);padding-right:var(--wp--preset--spacing--50);padding-bottom:var(--wp--preset--spacing--50);padding-left:var(--wp--preset--spacing--50)\">\n<div class=\"wp-block-columns alignwide are-vertically-aligned-center is-layout-flex wp-container-core-columns-is-layout-47c06fe3 wp-block-columns-is-layout-flex\">\n<div class=\"wp-block-column is-vertically-aligned-center is-layout-flow wp-block-column-is-layout-flow\" style=\"flex-basis:50%\">\n<h2 class=\"wp-block-heading\">Yhteyden kautta kohti<br>mentalisaatiota<\/h2>\n\n\n\n<p><\/p>\n\n\n\n<ul style=\"line-height:1.75\" class=\"wp-block-list is-style-checkmark-list\">\n<li>Aikuisella voi olla vaikeuksia lapsen k\u00e4ytt\u00e4ytymisen tulkinnassa ja vuorovaikutuksessa, kun lapsella on kehitysvamma tai autismikirjon piirteit\u00e4.<\/li>\n\n\n\n<li>Nelivaiheinen mentalisaatioprosessi mahdollistaa syvemm\u00e4n ymm\u00e4rryksen vuorovaikutuksen vastavuoroisuudesta.<\/li>\n<\/ul>\n\n\n\n<div class=\"wp-block-buttons is-layout-flex wp-block-buttons-is-layout-flex\">\n<div class=\"wp-block-button\"><a class=\"wp-block-button__link wp-element-button\" href=\"https:\/\/klinikka.nmi.fi\/2025\/03\/17\/yhteyden-kautta-kohti-mentalisaatiota-vanhempien-tulkintoja-erityista-tukea-tarvitsevan-lapsen-kayttaytymisesta\/\">Lue lis\u00e4\u00e4<\/a><\/div>\n<\/div>\n<\/div>\n\n\n\n<div class=\"wp-block-column is-vertically-aligned-center is-layout-flow wp-block-column-is-layout-flow\" style=\"flex-basis:50%\">\n<figure class=\"wp-block-image size-full is-style-rounded is-style-rounded--1\"><img loading=\"lazy\" decoding=\"async\" width=\"678\" height=\"675\" src=\"https:\/\/www.erityishetki.fi\/wp-content\/uploads\/2026\/02\/halaus1.jpg\" alt=\"\" class=\"wp-image-226\" style=\"aspect-ratio:4\/3;object-fit:cover\" srcset=\"https:\/\/www.erityishetki.fi\/wp-content\/uploads\/2026\/02\/halaus1.jpg 678w, https:\/\/www.erityishetki.fi\/wp-content\/uploads\/2026\/02\/halaus1-300x300.jpg 300w, https:\/\/www.erityishetki.fi\/wp-content\/uploads\/2026\/02\/halaus1-150x150.jpg 150w\" sizes=\"auto, (max-width: 678px) 100vw, 678px\" \/><\/figure>\n<\/div>\n<\/div>\n<\/div>\n\n\n\n<div class=\"wp-block-group alignfull has-global-padding is-layout-constrained wp-container-core-group-is-layout-d89aad35 wp-block-group-is-layout-constrained\" style=\"margin-top:0;margin-bottom:0;padding-top:var(--wp--preset--spacing--50);padding-right:var(--wp--preset--spacing--50);padding-bottom:var(--wp--preset--spacing--50);padding-left:var(--wp--preset--spacing--50)\">\n<div class=\"wp-block-columns alignwide are-vertically-aligned-center is-layout-flex wp-container-core-columns-is-layout-47c06fe3 wp-block-columns-is-layout-flex\">\n<div class=\"wp-block-column is-vertically-aligned-center is-layout-flow wp-block-column-is-layout-flow\" style=\"flex-basis:50%\">\n<h2 class=\"wp-block-heading\">Erityishetki perustuu kansainv\u00e4liseen tutkimustietoon<\/h2>\n\n\n\n<ul style=\"line-height:1.75\" class=\"wp-block-list is-style-checkmark-list\">\n<li>Olemme tutkineet kansainv\u00e4lisi\u00e4 ohjelmia kehitysvammaisten lasten haastavan k\u00e4ytt\u00e4ytymisen v\u00e4hent\u00e4miseksi ja kasvattajien hyvinvoinnin lis\u00e4\u00e4miseksi.<\/li>\n\n\n\n<li>Erityishetken kehitys perustuu kansainv\u00e4liseen tutkimustietoon.<\/li>\n<\/ul>\n\n\n\n<div class=\"wp-block-buttons is-layout-flex wp-block-buttons-is-layout-flex\">\n<div class=\"wp-block-button\"><a class=\"wp-block-button__link wp-element-button\" href=\"https:\/\/researchportal.tuni.fi\/fi\/publications\/psychological-interventions-for-parents-of-children-with-intellec\">Lue lis\u00e4\u00e4<\/a><\/div>\n<\/div>\n<\/div>\n\n\n\n<div class=\"wp-block-column is-vertically-aligned-center is-layout-flow wp-block-column-is-layout-flow\" style=\"flex-basis:50%\">\n<figure class=\"wp-block-image size-full is-style-rounded is-style-rounded--2\"><img decoding=\"async\" src=\"https:\/\/www.erityishetki.fi\/wp-content\/themes\/twentytwentyfour\/assets\/images\/abstract-geometric-art.webp\" alt=\"White abstract geometric artwork from Dresden, Germany\" style=\"aspect-ratio:4\/3;object-fit:cover\"\/><\/figure>\n<\/div>\n<\/div>\n<\/div>\n","protected":false},"excerpt":{"rendered":"<p>Ohjelman avulla voidaan v\u00e4hent\u00e4\u00e4 haastavaa k\u00e4ytt\u00e4ytymist\u00e4. Erityishetki perustuu tutkittuun tietoon ja k\u00e4yt\u00e4nn\u00f6n kokemukseen. Erityishetki-ohjelma perustuu kansainv\u00e4liseen tutkimustietoon. Ohjelman teoriataustana ovat vuorovaikutuksen yhteiss\u00e4\u00e4telyn periaate ja mentalisaatioteoria. Vanhemmille suunnattu ohjelma v\u00e4hensi merkitsev\u00e4sti kehitysvammaisten ja neurokirjon lasten ja nuorten haastavaa k\u00e4ytt\u00e4ytymist\u00e4 ja lasten sosiaalista ongelmia. Koulutus lis\u00e4si vanhempien mentalisaatiokyky\u00e4 ja hyvinvointia. Yhteyden kautta kohtimentalisaatiota Erityishetki perustuu kansainv\u00e4liseen tutkimustietoon<\/p>\n","protected":false},"author":1,"featured_media":0,"parent":0,"menu_order":0,"comment_status":"closed","ping_status":"closed","template":"","meta":{"footnotes":""},"class_list":["post-28","page","type-page","status-publish","hentry"],"_links":{"self":[{"href":"https:\/\/www.erityishetki.fi\/index.php\/wp-json\/wp\/v2\/pages\/28","targetHints":{"allow":["GET"]}}],"collection":[{"href":"https:\/\/www.erityishetki.fi\/index.php\/wp-json\/wp\/v2\/pages"}],"about":[{"href":"https:\/\/www.erityishetki.fi\/index.php\/wp-json\/wp\/v2\/types\/page"}],"author":[{"embeddable":true,"href":"https:\/\/www.erityishetki.fi\/index.php\/wp-json\/wp\/v2\/users\/1"}],"replies":[{"embeddable":true,"href":"https:\/\/www.erityishetki.fi\/index.php\/wp-json\/wp\/v2\/comments?post=28"}],"version-history":[{"count":8,"href":"https:\/\/www.erityishetki.fi\/index.php\/wp-json\/wp\/v2\/pages\/28\/revisions"}],"predecessor-version":[{"id":239,"href":"https:\/\/www.erityishetki.fi\/index.php\/wp-json\/wp\/v2\/pages\/28\/revisions\/239"}],"wp:attachment":[{"href":"https:\/\/www.erityishetki.fi\/index.php\/wp-json\/wp\/v2\/media?parent=28"}],"curies":[{"name":"wp","href":"https:\/\/api.w.org\/{rel}","templated":true}]}}