{"id":26,"date":"2025-10-13T15:46:55","date_gmt":"2025-10-13T15:46:55","guid":{"rendered":"https:\/\/www.aarreranta.fi\/?page_id=26"},"modified":"2026-04-08T12:42:34","modified_gmt":"2026-04-08T12:42:34","slug":"koulutus","status":"publish","type":"page","link":"https:\/\/www.erityishetki.fi\/index.php\/koulutus\/","title":{"rendered":"Koulutus"},"content":{"rendered":"\n<div class=\"wp-block-cover alignfull is-light\" style=\"min-height:100vh;aspect-ratio:unset;\"><span aria-hidden=\"true\" class=\"wp-block-cover__background has-background-dim-100 has-background-dim\" style=\"background-color:#ffffff\"><\/span><div class=\"wp-block-cover__inner-container is-layout-flow wp-block-cover-is-layout-flow\">\n<div class=\"wp-block-group alignfull has-accent-background-color has-background has-global-padding is-layout-constrained wp-container-core-group-is-layout-669513ed wp-block-group-is-layout-constrained\" style=\"margin-top:0;margin-bottom:0;padding-top:var(--wp--preset--spacing--50);padding-right:var(--wp--preset--spacing--50);padding-bottom:var(--wp--preset--spacing--50);padding-left:var(--wp--preset--spacing--50)\">\n<div class=\"wp-block-columns alignwide is-layout-flex wp-container-core-columns-is-layout-1da03c2a wp-block-columns-is-layout-flex\">\n<div class=\"wp-block-column is-vertically-aligned-stretch is-layout-flow wp-block-column-is-layout-flow\" style=\"flex-basis:50%\">\n<div class=\"wp-block-group is-vertical is-content-justification-stretch is-layout-flex wp-container-core-group-is-layout-444d5ee8 wp-block-group-is-layout-flex\" style=\"min-height:100%\">\n<p class=\"has-heading-font-family has-x-large-font-size\" style=\"line-height:1.2\"><strong>Erityishetki-koulutus<\/strong><\/p>\n\n\n\n<ul class=\"wp-block-list\">\n<li class=\"has-heading-font-family has-large-font-size\">tukee kehitysvammaisten ja neurokirjon henkil\u00f6iden sek\u00e4 heid\u00e4n kanssaan toimivien l\u00e4heisten ja ammattilaisten hyvinvointia<\/li>\n\n\n\n<li class=\"has-heading-font-family has-large-font-size\">v\u00e4hent\u00e4\u00e4 haastavaa k\u00e4ytt\u00e4ytymist\u00e4<\/li>\n\n\n\n<li class=\"has-heading-font-family has-large-font-size\">parantaa vuorovaikutusta ja mentalisaatiokyky\u00e4<\/li>\n\n\n\n<li class=\"has-heading-font-family has-large-font-size\">voidaan toteuttaa esimerkiksi varhaiskasvatuksen, perusopetuksen ja asumisen yksik\u00f6iss\u00e4.<\/li>\n<\/ul>\n\n\n\n<div class=\"wp-block-group has-global-padding is-content-justification-left is-layout-constrained wp-container-core-group-is-layout-9fe8ed88 wp-block-group-is-layout-constrained\">\n<p class=\"wp-container-content-0733e5d0\"><\/p>\n\n\n\n<div class=\"wp-block-buttons is-layout-flex wp-block-buttons-is-layout-flex\"><\/div>\n<\/div>\n<\/div>\n<\/div>\n\n\n\n<div class=\"wp-block-column is-vertically-aligned-center is-layout-flow wp-block-column-is-layout-flow\" style=\"flex-basis:50%\">\n<figure class=\"wp-block-image size-large is-style-rounded is-style-rounded--1\"><img loading=\"lazy\" decoding=\"async\" width=\"768\" height=\"1024\" src=\"https:\/\/www.erityishetki.fi\/wp-content\/uploads\/2026\/02\/Erityishetki_SuloLeikkii_03_copy-768x1024.jpg\" alt=\"\" class=\"wp-image-221\" style=\"aspect-ratio:3\/4;object-fit:cover\" srcset=\"https:\/\/www.erityishetki.fi\/wp-content\/uploads\/2026\/02\/Erityishetki_SuloLeikkii_03_copy-768x1024.jpg 768w, https:\/\/www.erityishetki.fi\/wp-content\/uploads\/2026\/02\/Erityishetki_SuloLeikkii_03_copy-225x300.jpg 225w, https:\/\/www.erityishetki.fi\/wp-content\/uploads\/2026\/02\/Erityishetki_SuloLeikkii_03_copy-1152x1536.jpg 1152w, https:\/\/www.erityishetki.fi\/wp-content\/uploads\/2026\/02\/Erityishetki_SuloLeikkii_03_copy-1536x2048.jpg 1536w, https:\/\/www.erityishetki.fi\/wp-content\/uploads\/2026\/02\/Erityishetki_SuloLeikkii_03_copy-scaled.jpg 1920w\" sizes=\"auto, (max-width: 768px) 100vw, 768px\" \/><\/figure>\n<\/div>\n<\/div>\n<\/div>\n\n\n\n<div class=\"wp-block-group alignfull has-global-padding is-layout-constrained wp-container-core-group-is-layout-301020a0 wp-block-group-is-layout-constrained\" style=\"padding-top:var(--wp--preset--spacing--50);padding-right:var(--wp--preset--spacing--50);padding-bottom:var(--wp--preset--spacing--50);padding-left:var(--wp--preset--spacing--50)\">\n<div class=\"wp-block-columns alignwide is-layout-flex wp-container-core-columns-is-layout-08c01c1c wp-block-columns-is-layout-flex\">\n<div class=\"wp-block-column is-layout-flow wp-block-column-is-layout-flow\" style=\"flex-basis:33%\">\n<p class=\"has-heading-font-family has-large-font-size\" style=\"line-height:1.2\">Tarjoamme koulutusta ja konsultointia juuri teid\u00e4n tarpeenne mukaan. Koulutuksia voidaan toteuttaa et\u00e4n\u00e4 tai paikan p\u00e4\u00e4ll\u00e4.<\/p>\n<\/div>\n\n\n\n<div class=\"wp-block-column is-layout-flow wp-container-core-column-is-layout-119bc444 wp-block-column-is-layout-flow\">\n<div class=\"wp-block-columns is-layout-flex wp-container-core-columns-is-layout-28f84493 wp-block-columns-is-layout-flex\">\n<div class=\"wp-block-column is-layout-flow wp-block-column-is-layout-flow\" style=\"flex-basis:100%\">\n<div class=\"wp-block-group is-layout-grid wp-container-core-group-is-layout-478b6e6b wp-block-group-is-layout-grid\">\n<p><strong>Vuorovaikutteinen luento<\/strong><br><br>1-2 tunnin perehdytys avainteemoihin: haastavaan k\u00e4ytt\u00e4ytymiseen ja keinoihin v\u00e4hent\u00e4\u00e4 sit\u00e4. Keskustelua, kysymyksi\u00e4 ja vastauksia.<\/p>\n\n\n\n<p><strong>Puolen p\u00e4iv\u00e4n koulutus<\/strong><br><br>Koulutus sis\u00e4lt\u00e4\u00e4 tutkittuja keinoja ja k\u00e4yt\u00e4nn\u00f6n esimerkkej\u00e4 haastavan k\u00e4ytt\u00e4ytymisen v\u00e4hent\u00e4miseksi. Keskustelemme, mill\u00e4 menetelmill\u00e4 voidaan vastata teid\u00e4n tarpeeseenne.<\/p>\n\n\n\n<p><strong>P\u00e4iv\u00e4n tehoty\u00f6paja<\/strong><br><br>Intensiivinen perehdytys haastavan k\u00e4ytt\u00e4ytymisen ehk\u00e4isyyn, mentalisaatioon ja emotionaalisen kehityksen tukemiseen. Moniulotteisten haasteiden k\u00e4sittely\u00e4 ty\u00f6pajoissa, kansainv\u00e4lisesti tutkittuja keinoja haasteiden v\u00e4hent\u00e4miseen ja hyvinvoinnin lis\u00e4\u00e4miseen.<\/p>\n<\/div>\n<\/div>\n<\/div>\n\n\n\n<div class=\"wp-block-group is-layout-grid wp-container-core-group-is-layout-478b6e6b wp-block-group-is-layout-grid\">\n<div class=\"wp-block-group is-layout-grid wp-container-core-group-is-layout-478b6e6b wp-block-group-is-layout-grid\">\n<p><strong>R\u00e4\u00e4t\u00e4l\u00f6ity koulutus ja konsultointi<\/strong><br><br>Yhdess\u00e4 suunniteltu ja r\u00e4\u00e4t\u00e4l\u00f6ity yhden tai useamman kerran koulutuspaketti. Konsultointia ja tutkittujen keinojen soveltamista paikan p\u00e4\u00e4ll\u00e4 teid\u00e4n tarpeenne mukaan. Mahdollistaa kest\u00e4v\u00e4n osaamisen kehitt\u00e4misen sek\u00e4 avun juuri teid\u00e4n tilanteeseenne.<\/p>\n<\/div>\n\n\n\n<p><strong>Yksityiskonsultointi<\/strong><br><br>Yksityistapaaminen et\u00e4n\u00e4 perheille, joissa on haastavia tilanteita. Kysy lis\u00e4\u00e4!<\/p>\n\n\n\n<p><\/p>\n\n\n\n<p><\/p>\n\n\n\n<p><br><br><\/p>\n<\/div>\n<\/div>\n<\/div>\n<\/div>\n\n\n\n<div class=\"wp-block-group alignfull has-base-2-background-color has-background has-global-padding is-layout-constrained wp-container-core-group-is-layout-669513ed wp-block-group-is-layout-constrained\" style=\"margin-top:0;margin-bottom:0;padding-top:var(--wp--preset--spacing--50);padding-right:var(--wp--preset--spacing--50);padding-bottom:var(--wp--preset--spacing--50);padding-left:var(--wp--preset--spacing--50)\">\n<div class=\"wp-block-group is-vertical is-content-justification-center is-layout-flex wp-container-core-group-is-layout-52b864f0 wp-block-group-is-layout-flex\">\n<h2 class=\"wp-block-heading has-text-align-center is-style-asterisk\">Erityishetki-ohjelma<\/h2>\n\n\n\n<div style=\"height:0px\" aria-hidden=\"true\" class=\"wp-block-spacer wp-container-content-4f2ccadb\"><\/div>\n\n\n\n<p class=\"has-text-align-center\">Erityishetki-ohjelma on luotu v\u00e4hent\u00e4m\u00e4\u00e4n kehitysvammaisten ja autismikirjon lasten haastavaa k\u00e4ytt\u00e4ytymist\u00e4 sek\u00e4 tukemaan vuorovaikutusta ja hyvinvointia. Ohjelman osa-alueita ovat:<\/p>\n<\/div>\n\n\n\n<div style=\"margin-top:0;margin-bottom:0;height:var(--wp--preset--spacing--40)\" aria-hidden=\"true\" class=\"wp-block-spacer\"><\/div>\n\n\n\n<div class=\"wp-block-columns alignwide is-layout-flex wp-container-core-columns-is-layout-d0bbbce0 wp-block-columns-is-layout-flex\">\n<div class=\"wp-block-column is-layout-flow wp-container-core-column-is-layout-e3d1c41b wp-block-column-is-layout-flow\">\n<h3 class=\"wp-block-heading has-text-align-left is-style-asterisk has-body-font-family has-medium-font-size\" style=\"font-style:normal;font-weight:600\">Haastava k\u00e4ytt\u00e4ytyminen<\/h3>\n\n\n\n<p class=\"has-text-align-left\">Mit\u00e4 syit\u00e4 on haastavan k\u00e4ytt\u00e4ytymisen taustalla ja mit\u00e4 keinoja on vaikuttaa siihen? Mit\u00e4 tarkoittaa mentalisaatio?<\/p>\n<\/div>\n\n\n\n<div class=\"wp-block-column is-layout-flow wp-container-core-column-is-layout-e3d1c41b wp-block-column-is-layout-flow\">\n<h3 class=\"wp-block-heading has-text-align-left is-style-asterisk has-body-font-family has-medium-font-size\" style=\"font-style:normal;font-weight:600\">Tunnetaidot<\/h3>\n\n\n\n<p class=\"has-text-align-left\">Mit\u00e4 ovat tunnetaidot ja miten niit\u00e4 voi vahvistaa? Mik\u00e4 on lapsen tai nuoren emotionaalisen kehityksen vaihe?<\/p>\n<\/div>\n\n\n\n<div class=\"wp-block-column is-layout-flow wp-container-core-column-is-layout-e3d1c41b wp-block-column-is-layout-flow\">\n<h3 class=\"wp-block-heading has-text-align-left is-style-asterisk has-body-font-family has-medium-font-size\" style=\"font-style:normal;font-weight:600\">Vuorovaikutus<\/h3>\n\n\n\n<p class=\"has-text-align-left\">Miten rakentaa toimivaa vuorovaikutusta kehitysvammaisen tai neurokirjon lapsen kanssa?<\/p>\n<\/div>\n<\/div>\n\n\n\n<div style=\"height:var(--wp--preset--spacing--20)\" aria-hidden=\"true\" class=\"wp-block-spacer\"><\/div>\n\n\n\n<div class=\"wp-block-columns alignwide is-layout-flex wp-container-core-columns-is-layout-d0bbbce0 wp-block-columns-is-layout-flex\">\n<div class=\"wp-block-column is-layout-flow wp-container-core-column-is-layout-e3d1c41b wp-block-column-is-layout-flow\">\n<h3 class=\"wp-block-heading has-text-align-left is-style-asterisk has-body-font-family has-medium-font-size\" style=\"font-style:normal;font-weight:600\">Oppiminen ja rajojen asettaminen<\/h3>\n\n\n\n<p class=\"has-text-align-left\">Mitk\u00e4 ovat kehitysvammaisen tai neurokirjon lapsen oppimisen edellytykset? Miten tukea oppimista? Miten rajata haastavaa k\u00e4ytt\u00e4ytymist\u00e4?<\/p>\n<\/div>\n\n\n\n<div class=\"wp-block-column is-layout-flow wp-container-core-column-is-layout-e3d1c41b wp-block-column-is-layout-flow\">\n<h3 class=\"wp-block-heading has-text-align-left is-style-asterisk has-body-font-family has-medium-font-size\" style=\"font-style:normal;font-weight:600\">Jaksaminen ja itsemy\u00f6t\u00e4tunto<\/h3>\n\n\n\n<p class=\"has-text-align-left\">Miten tukea kehitysvammaisen tai neurokirjon lapsen kanssa toimivan aikuisen jaksamista? Mit\u00e4 tarkoittaa itsemy\u00f6t\u00e4tunto?<\/p>\n<\/div>\n\n\n\n<div class=\"wp-block-column is-layout-flow wp-container-core-column-is-layout-e3d1c41b wp-block-column-is-layout-flow\">\n<h3 class=\"wp-block-heading has-text-align-left is-style-asterisk has-body-font-family has-medium-font-size\" style=\"font-style:normal;font-weight:600\">Hyvinvointi<\/h3>\n\n\n\n<p class=\"has-text-align-left\">Miten tukea kehitysvammaisen tai neurokirjon lapsen sek\u00e4 h\u00e4nen kanssaan toimivan aikuisen hyvinvointia? Mitk\u00e4 ovat hyvinvoinnin avaimet?<\/p>\n<\/div>\n<\/div>\n<\/div>\n<\/div><\/div>\n\n\n\n<div class=\"wp-block-group alignfull has-contrast-color has-accent-5-background-color has-text-color has-background has-global-padding is-layout-constrained wp-container-core-group-is-layout-ef3d885c wp-block-group-is-layout-constrained\" style=\"margin-top:0;margin-bottom:0;padding-top:var(--wp--preset--spacing--60);padding-right:var(--wp--preset--spacing--60);padding-bottom:var(--wp--preset--spacing--60);padding-left:var(--wp--preset--spacing--60)\">\n<div class=\"wp-block-group has-global-padding is-layout-constrained wp-block-group-is-layout-constrained\">\n<p class=\"has-text-align-center has-contrast-color has-text-color has-heading-font-family has-x-large-font-size\" style=\"line-height:1.2\"><em><em><em>\u201cHyv\u00e4 kokonaisuus! Mielenkiintoinen ja paljon teoriaa mukana! Hyv\u00e4t ja innostavat kouluttajat!\u201d<\/em><\/em><\/em><\/p>\n\n\n\n<div style=\"height:var(--wp--preset--spacing--10)\" aria-hidden=\"true\" class=\"wp-block-spacer\"><\/div>\n\n\n\n<div class=\"wp-block-group is-vertical is-content-justification-center is-nowrap is-layout-flex wp-container-core-group-is-layout-2dc08cea wp-block-group-is-layout-flex\">\n<p class=\"has-text-align-center\" style=\"margin-top:var(--wp--preset--spacing--10);margin-bottom:0\">TH, lapsella ADHD ja kehitysviive<\/p>\n\n\n\n<p class=\"has-text-align-center has-contrast-3-color has-text-color has-small-font-size\" style=\"font-style:normal;font-weight:300\"><\/p>\n<\/div>\n<\/div>\n<\/div>\n\n\n\n<div class=\"wp-block-group alignwide has-global-padding is-layout-constrained wp-block-group-is-layout-constrained\">\n<div class=\"wp-block-group alignwide is-layout-flow wp-block-group-is-layout-flow\" style=\"padding-top:var(--wp--preset--spacing--50);padding-bottom:var(--wp--preset--spacing--50)\">\n<figure class=\"wp-block-image size-full is-resized\"><img decoding=\"async\" src=\"https:\/\/www.erityishetki.fi\/wp-content\/themes\/twentytwentyfour\/assets\/images\/icon-message.webp\" alt=\"\" style=\"width:40px;height:auto\"\/><\/figure>\n\n\n\n<hr class=\"wp-block-separator has-alpha-channel-opacity is-style-wide\"\/>\n\n\n\n<div class=\"wp-block-columns is-layout-flex wp-container-core-columns-is-layout-633352e7 wp-block-columns-is-layout-flex\" style=\"padding-top:var(--wp--preset--spacing--10)\">\n<div class=\"wp-block-column is-layout-flow wp-block-column-is-layout-flow\" style=\"flex-basis:57%\">\n<h2 class=\"wp-block-heading has-x-large-font-size\">Ollaan vuorovaikutuksessa!<\/h2>\n<\/div>\n\n\n\n<div class=\"wp-block-column is-layout-flow wp-block-column-is-layout-flow\" style=\"flex-basis:30%\">\n<div class=\"wp-block-group is-vertical is-layout-flex wp-container-core-group-is-layout-ea0cb840 wp-block-group-is-layout-flex\">\n<h3 class=\"wp-block-heading has-body-font-family has-medium-font-size\">Ota yhteytt\u00e4<\/h3>\n\n\n\n<p><a href=\"\/\">info@erityishetki.fi<\/a><\/p>\n<\/div>\n<\/div>\n\n\n\n<div class=\"wp-block-column is-layout-flow wp-block-column-is-layout-flow\" style=\"flex-basis:30%\">\n<div class=\"wp-block-columns is-not-stacked-on-mobile is-layout-flex wp-container-core-columns-is-layout-28f84493 wp-block-columns-is-layout-flex\">\n<div class=\"wp-block-column is-layout-flow wp-block-column-is-layout-flow\">\n<div class=\"wp-block-group is-vertical is-layout-flex wp-container-core-group-is-layout-ea0cb840 wp-block-group-is-layout-flex\">\n<h3 class=\"wp-block-heading has-body-font-family has-medium-font-size\"><\/h3>\n\n\n\n<p><\/p>\n<\/div>\n<\/div>\n<\/div>\n<\/div>\n<\/div>\n\n\n\n<div style=\"height:var(--wp--preset--spacing--50)\" aria-hidden=\"true\" class=\"wp-block-spacer\"><\/div>\n\n\n\n<div class=\"wp-block-group is-content-justification-space-between is-layout-flex wp-container-core-group-is-layout-e5edad21 wp-block-group-is-layout-flex\">\n<div class=\"wp-block-group is-layout-flex wp-container-core-group-is-layout-fe1ad1e6 wp-block-group-is-layout-flex\">\n<p class=\"has-small-font-size\">\u00a9<\/p>\n\n\n<p style=\"font-style:normal;font-weight:400;\" class=\"wp-block-site-title has-small-font-size\"><a href=\"https:\/\/www.erityishetki.fi\" target=\"_self\" rel=\"home\">erityishetki<\/a><\/p><\/div>\n\n\n\n<p class=\"has-small-font-size\">\n\t\t\t\tDesigned with <a href=\"https:\/\/fi.wordpress.org\" rel=\"nofollow\">WordPress<\/a>\t\t\t<\/p>\n<\/div>\n<\/div>\n<\/div>\n","protected":false},"excerpt":{"rendered":"<p>\u201cHyv\u00e4 kokonaisuus! Mielenkiintoinen ja paljon teoriaa mukana! Hyv\u00e4t ja innostavat kouluttajat!\u201d TH, lapsella ADHD ja kehitysviive Ollaan vuorovaikutuksessa! Ota yhteytt\u00e4 info@erityishetki.fi \u00a9 Designed with WordPress<\/p>\n","protected":false},"author":1,"featured_media":0,"parent":0,"menu_order":0,"comment_status":"closed","ping_status":"closed","template":"","meta":{"footnotes":""},"class_list":["post-26","page","type-page","status-publish","hentry"],"_links":{"self":[{"href":"https:\/\/www.erityishetki.fi\/index.php\/wp-json\/wp\/v2\/pages\/26","targetHints":{"allow":["GET"]}}],"collection":[{"href":"https:\/\/www.erityishetki.fi\/index.php\/wp-json\/wp\/v2\/pages"}],"about":[{"href":"https:\/\/www.erityishetki.fi\/index.php\/wp-json\/wp\/v2\/types\/page"}],"author":[{"embeddable":true,"href":"https:\/\/www.erityishetki.fi\/index.php\/wp-json\/wp\/v2\/users\/1"}],"replies":[{"embeddable":true,"href":"https:\/\/www.erityishetki.fi\/index.php\/wp-json\/wp\/v2\/comments?post=26"}],"version-history":[{"count":18,"href":"https:\/\/www.erityishetki.fi\/index.php\/wp-json\/wp\/v2\/pages\/26\/revisions"}],"predecessor-version":[{"id":235,"href":"https:\/\/www.erityishetki.fi\/index.php\/wp-json\/wp\/v2\/pages\/26\/revisions\/235"}],"wp:attachment":[{"href":"https:\/\/www.erityishetki.fi\/index.php\/wp-json\/wp\/v2\/media?parent=26"}],"curies":[{"name":"wp","href":"https:\/\/api.w.org\/{rel}","templated":true}]}}